{"id":112,"date":"2025-07-06T17:14:25","date_gmt":"2025-07-06T15:14:25","guid":{"rendered":"http:\/\/agencepey.fr\/?page_id=112"},"modified":"2026-01-03T15:44:42","modified_gmt":"2026-01-03T14:44:42","slug":"project-1","status":"publish","type":"page","link":"http:\/\/agencepey.fr\/?page_id=112","title":{"rendered":"BOURDALAT"},"content":{"rendered":"\n<figure class=\"wp-block-table project-table-informations\"><table class=\"has-contrast-color has-custom-beige-background-color has-text-color has-background has-link-color has-fixed-layout\" style=\"border-style:none;border-width:0px\"><thead><tr><th class=\"has-text-align-center\" data-align=\"center\">Mission<\/th><th>Programme<\/th><th class=\"has-text-align-center\" data-align=\"center\">Localisation<\/th><th class=\"has-text-align-center\" data-align=\"center\">Surface<\/th><\/tr><\/thead><tbody><tr><td class=\"has-text-align-center\" data-align=\"center\">R\u00e9novation compl\u00e8te<\/td><td>maison individuelle<\/td><td class=\"has-text-align-center\" data-align=\"center\">B\u00e9arn<\/td><td class=\"has-text-align-center\" data-align=\"center\">195m\u00b2<\/td><\/tr><\/tbody><\/table><\/figure>\n\n\n\n<p class=\"has-text-align-center wp-block-paragraph\" style=\"font-style:normal;font-weight:300\"><em>Les sols existants conserv\u00e9s comme marqueur d\u2019une histoire pass\u00e9 et mis en valeur par la lumi\u00e8re et le choix des couleurs.<\/em><\/p>\n\n\n\n<div class=\"alignnormal\"><div id=\"metaslider-id-484\" style=\"width: 100%; margin: 0 auto;\" class=\"ml-slider-3-104-0 metaslider metaslider-flex metaslider-484 ml-slider has-dots-nav ms-theme-default-base\" role=\"region\" aria-label=\"Diaporama bourdalat\" data-height=\"450\" data-width=\"700\">\n    <div id=\"metaslider_container_484\">\n        <div id=\"metaslider_484\">\n            <ul aria-live='off' class='slides'>\n                <li style=\"display: block; width: 100%;\" class=\"slide-540 ms-image \" aria-roledescription=\"slide\" data-date=\"2026-01-26 16:47:32\" data-filename=\"CBerthelot-AgencePey-25_09_12-700x450.jpg\" data-slide-type=\"image\"><img loading=\"lazy\" decoding=\"async\" src=\"http:\/\/agencepey.fr\/wp-content\/uploads\/2025\/10\/CBerthelot-AgencePey-25_09_12-700x450.jpg\" height=\"450\" width=\"700\" alt=\"\" class=\"slider-484 slide-540 msDefaultImage\" title=\"CBerthelot-AgencePey-25_09_12\" \/><\/li>\n                <li style=\"display: none; width: 100%;\" class=\"slide-536 ms-image \" aria-roledescription=\"slide\" data-date=\"2026-01-26 16:46:39\" data-filename=\"CBerthelot-AgencePey-2509_9-700x450.jpg\" data-slide-type=\"image\"><img loading=\"lazy\" decoding=\"async\" src=\"http:\/\/agencepey.fr\/wp-content\/uploads\/2025\/11\/CBerthelot-AgencePey-2509_9-700x450.jpg\" height=\"450\" width=\"700\" alt=\"\" class=\"slider-484 slide-536 msDefaultImage\" title=\"CBerthelot-AgencePey-25:09_9\" \/><\/li>\n                <li style=\"display: none; width: 100%;\" class=\"slide-541 ms-image \" aria-roledescription=\"slide\" data-date=\"2026-01-26 16:47:50\" data-filename=\"CBerthelot-AgencePey-25_09_7-700x450.jpg\" data-slide-type=\"image\"><img loading=\"lazy\" decoding=\"async\" src=\"http:\/\/agencepey.fr\/wp-content\/uploads\/2025\/10\/CBerthelot-AgencePey-25_09_7-700x450.jpg\" height=\"450\" width=\"700\" alt=\"\" class=\"slider-484 slide-541 msDefaultImage\" title=\"CBerthelot-AgencePey-25_09_7\" \/><\/li>\n                <li style=\"display: none; width: 100%;\" class=\"slide-542 ms-image \" aria-roledescription=\"slide\" data-date=\"2026-01-26 16:48:39\" data-filename=\"CBerthelot-AgencePey-25_09_11-700x450.jpg\" data-slide-type=\"image\"><img loading=\"lazy\" decoding=\"async\" src=\"http:\/\/agencepey.fr\/wp-content\/uploads\/2025\/10\/CBerthelot-AgencePey-25_09_11-700x450.jpg\" height=\"450\" width=\"700\" alt=\"\" class=\"slider-484 slide-542 msDefaultImage\" title=\"CBerthelot-AgencePey-25_09_11\" \/><\/li>\n                <li style=\"display: none; width: 100%;\" class=\"slide-543 ms-image \" aria-roledescription=\"slide\" data-date=\"2026-01-26 16:48:53\" data-filename=\"CBerthelot-AgencePey-25_09_16-700x450.jpg\" data-slide-type=\"image\"><img loading=\"lazy\" decoding=\"async\" src=\"http:\/\/agencepey.fr\/wp-content\/uploads\/2025\/10\/CBerthelot-AgencePey-25_09_16-700x450.jpg\" height=\"450\" width=\"700\" alt=\"\" class=\"slider-484 slide-543 msDefaultImage\" title=\"CBerthelot-AgencePey-25_09_16\" \/><\/li>\n                <li style=\"display: none; width: 100%;\" class=\"slide-537 ms-image \" aria-roledescription=\"slide\" data-date=\"2026-01-26 16:46:47\" data-filename=\"CBerthelot-AgencePey-25_09_47-700x450.jpg\" data-slide-type=\"image\"><img loading=\"lazy\" decoding=\"async\" src=\"http:\/\/agencepey.fr\/wp-content\/uploads\/2025\/10\/CBerthelot-AgencePey-25_09_47-700x450.jpg\" height=\"450\" width=\"700\" alt=\"\" class=\"slider-484 slide-537 msDefaultImage\" title=\"CBerthelot-AgencePey-25_09_47\" \/><\/li>\n                <li style=\"display: none; width: 100%;\" class=\"slide-538 ms-image \" aria-roledescription=\"slide\" data-date=\"2026-01-26 16:46:56\" data-filename=\"CBerthelot-AgencePey-25_09_46-700x450.jpg\" data-slide-type=\"image\"><img loading=\"lazy\" decoding=\"async\" src=\"http:\/\/agencepey.fr\/wp-content\/uploads\/2025\/10\/CBerthelot-AgencePey-25_09_46-700x450.jpg\" height=\"450\" width=\"700\" alt=\"\" class=\"slider-484 slide-538 msDefaultImage\" title=\"CBerthelot-AgencePey-25_09_46\" \/><\/li>\n                <li style=\"display: none; width: 100%;\" class=\"slide-539 ms-image \" aria-roledescription=\"slide\" data-date=\"2026-01-26 16:47:06\" data-filename=\"CBerthelot-AgencePey-25_09_52-700x450.jpg\" data-slide-type=\"image\"><img loading=\"lazy\" decoding=\"async\" src=\"http:\/\/agencepey.fr\/wp-content\/uploads\/2025\/10\/CBerthelot-AgencePey-25_09_52-700x450.jpg\" height=\"450\" width=\"700\" alt=\"\" class=\"slider-484 slide-539 msDefaultImage\" title=\"CBerthelot-AgencePey-25_09_52\" \/><\/li>\n            <\/ul>\n        <\/div>\n        \n    <\/div>\n<\/div><\/div>\n","protected":false},"excerpt":{"rendered":"<p>Mission Programme Localisation Surface R\u00e9novation compl\u00e8te maison individuelle B\u00e9arn 195m\u00b2 Les sols existants conserv\u00e9s comme marqueur d\u2019une histoire pass\u00e9 et mis en valeur par la lumi\u00e8re et le choix des couleurs.<\/p>\n","protected":false},"author":1,"featured_media":277,"parent":0,"menu_order":0,"comment_status":"closed","ping_status":"closed","template":"test","meta":{"_crdt_document":"","inline_featured_image":false,"footnotes":""},"class_list":["post-112","page","type-page","status-publish","has-post-thumbnail","hentry"],"_links":{"self":[{"href":"http:\/\/agencepey.fr\/index.php?rest_route=\/wp\/v2\/pages\/112","targetHints":{"allow":["GET"]}}],"collection":[{"href":"http:\/\/agencepey.fr\/index.php?rest_route=\/wp\/v2\/pages"}],"about":[{"href":"http:\/\/agencepey.fr\/index.php?rest_route=\/wp\/v2\/types\/page"}],"author":[{"embeddable":true,"href":"http:\/\/agencepey.fr\/index.php?rest_route=\/wp\/v2\/users\/1"}],"replies":[{"embeddable":true,"href":"http:\/\/agencepey.fr\/index.php?rest_route=%2Fwp%2Fv2%2Fcomments&post=112"}],"version-history":[{"count":27,"href":"http:\/\/agencepey.fr\/index.php?rest_route=\/wp\/v2\/pages\/112\/revisions"}],"predecessor-version":[{"id":544,"href":"http:\/\/agencepey.fr\/index.php?rest_route=\/wp\/v2\/pages\/112\/revisions\/544"}],"wp:featuredmedia":[{"embeddable":true,"href":"http:\/\/agencepey.fr\/index.php?rest_route=\/wp\/v2\/media\/277"}],"wp:attachment":[{"href":"http:\/\/agencepey.fr\/index.php?rest_route=%2Fwp%2Fv2%2Fmedia&parent=112"}],"curies":[{"name":"wp","href":"https:\/\/api.w.org\/{rel}","templated":true}]}}