{"id":222,"date":"2025-10-02T19:29:35","date_gmt":"2025-10-02T17:29:35","guid":{"rendered":"http:\/\/agencepey.fr\/?page_id=222"},"modified":"2025-11-19T19:22:15","modified_gmt":"2025-11-19T18:22:15","slug":"presentation-v2","status":"publish","type":"page","link":"http:\/\/agencepey.fr\/?page_id=222","title":{"rendered":"PRESENTATION"},"content":{"rendered":"\n<div class=\"wp-block-columns is-layout-flex wp-container-core-columns-is-layout-794e3cfa wp-block-columns-is-layout-flex\">\n<div class=\"wp-block-column is-layout-flow wp-block-column-is-layout-flow\">\n<figure class=\"wp-block-image size-full\"><img loading=\"lazy\" decoding=\"async\" width=\"1331\" height=\"2000\" src=\"http:\/\/agencepey.fr\/wp-content\/uploads\/2025\/11\/CBerthelot-AgencePey-2509_99.jpg\" alt=\"\" class=\"wp-image-422\" srcset=\"http:\/\/agencepey.fr\/wp-content\/uploads\/2025\/11\/CBerthelot-AgencePey-2509_99.jpg 1331w, http:\/\/agencepey.fr\/wp-content\/uploads\/2025\/11\/CBerthelot-AgencePey-2509_99-200x300.jpg 200w, http:\/\/agencepey.fr\/wp-content\/uploads\/2025\/11\/CBerthelot-AgencePey-2509_99-681x1024.jpg 681w, http:\/\/agencepey.fr\/wp-content\/uploads\/2025\/11\/CBerthelot-AgencePey-2509_99-768x1154.jpg 768w, http:\/\/agencepey.fr\/wp-content\/uploads\/2025\/11\/CBerthelot-AgencePey-2509_99-1022x1536.jpg 1022w\" sizes=\"auto, (max-width: 1331px) 100vw, 1331px\" \/><\/figure>\n<\/div>\n\n\n\n<div class=\"wp-block-column is-layout-flow wp-block-column-is-layout-flow\">\n<p class=\"wp-block-paragraph\" style=\"font-style:normal;font-weight:300\"><em>Du plus loin que je me souvienne, l\u2019architecture d\u2019int\u00e9rieur m\u2019a toujours attir\u00e9. C\u2019est donc naturellement que je me suis orient\u00e9 vers ce domaine pour mes \u00e9tudes. Apr\u00e8s une \u00e9cole d\u2019architecture \u00e0 Clermont-Ferrand et une ann\u00e9e pass\u00e9e \u00e0 Bruxelles, j\u2019ai poursuivi mon parcours au sein d\u2019une agence paloise o\u00f9 j\u2019ai exerc\u00e9 pendant pr\u00e8s de quatre ans.<\/em><\/p>\n\n\n\n<p class=\"wp-block-paragraph\" style=\"font-style:normal;font-weight:300\"><em>Avec le temps, l\u2019envie de me lancer \u00e0 mon compte est devenue une \u00e9vidence. J\u2019avais besoin de travailler sur des projets qui me ressemblent, qui m\u2019animent, et d\u2019accompagner mes clients \u2013 particuliers comme professionnels \u2013 dans des espaces qui leur correspondent vraiment.<\/em><\/p>\n\n\n\n<p class=\"wp-block-paragraph\" style=\"font-style:normal;font-weight:300\"><em>Ce qui me passionne dans la r\u00e9novation, c\u2019est la possibilit\u00e9 de r\u00e9v\u00e9ler un potentiel parfois oubli\u00e9 et d\u2019offrir aux lieux une seconde, voire une troisi\u00e8me histoire. J\u2019aime jouer avec les couleurs, les formes et les contraintes. Mon objectif : cr\u00e9er des environnements o\u00f9 chacun peut se sentir bien, s\u2019exprimer et construire de nouveaux souvenirs.<\/em><\/p>\n<\/div>\n<\/div>\n","protected":false},"excerpt":{"rendered":"<p>Du plus loin que je me souvienne, l\u2019architecture d\u2019int\u00e9rieur m\u2019a toujours attir\u00e9. C\u2019est donc naturellement que je me suis orient\u00e9 vers ce domaine pour mes \u00e9tudes. Apr\u00e8s une \u00e9cole d\u2019architecture \u00e0 Clermont-Ferrand et une ann\u00e9e pass\u00e9e \u00e0 Bruxelles, j\u2019ai poursuivi mon parcours au sein d\u2019une agence paloise o\u00f9 j\u2019ai exerc\u00e9 pendant pr\u00e8s de quatre ans. [&hellip;]<\/p>\n","protected":false},"author":1,"featured_media":0,"parent":0,"menu_order":0,"comment_status":"closed","ping_status":"closed","template":"","meta":{"_crdt_document":"","inline_featured_image":false,"footnotes":""},"class_list":["post-222","page","type-page","status-publish","hentry"],"_links":{"self":[{"href":"http:\/\/agencepey.fr\/index.php?rest_route=\/wp\/v2\/pages\/222","targetHints":{"allow":["GET"]}}],"collection":[{"href":"http:\/\/agencepey.fr\/index.php?rest_route=\/wp\/v2\/pages"}],"about":[{"href":"http:\/\/agencepey.fr\/index.php?rest_route=\/wp\/v2\/types\/page"}],"author":[{"embeddable":true,"href":"http:\/\/agencepey.fr\/index.php?rest_route=\/wp\/v2\/users\/1"}],"replies":[{"embeddable":true,"href":"http:\/\/agencepey.fr\/index.php?rest_route=%2Fwp%2Fv2%2Fcomments&post=222"}],"version-history":[{"count":4,"href":"http:\/\/agencepey.fr\/index.php?rest_route=\/wp\/v2\/pages\/222\/revisions"}],"predecessor-version":[{"id":425,"href":"http:\/\/agencepey.fr\/index.php?rest_route=\/wp\/v2\/pages\/222\/revisions\/425"}],"wp:attachment":[{"href":"http:\/\/agencepey.fr\/index.php?rest_route=%2Fwp%2Fv2%2Fmedia&parent=222"}],"curies":[{"name":"wp","href":"https:\/\/api.w.org\/{rel}","templated":true}]}}