{"id":58,"date":"2025-07-06T15:30:10","date_gmt":"2025-07-06T13:30:10","guid":{"rendered":"http:\/\/agencepey.fr\/?page_id=58"},"modified":"2025-12-21T16:56:14","modified_gmt":"2025-12-21T15:56:14","slug":"prestation","status":"publish","type":"page","link":"http:\/\/agencepey.fr\/?page_id=58","title":{"rendered":"PRESTATIONS"},"content":{"rendered":"\n<div class=\"wp-block-columns is-layout-flex wp-container-core-columns-is-layout-16a26aaa wp-block-columns-is-layout-flex\" style=\"margin-bottom:var(--wp--preset--spacing--70);padding-top:0px;padding-bottom:0px\">\n<div class=\"wp-block-column is-layout-flow wp-container-core-column-is-layout-3fa5ad35 wp-block-column-is-layout-flow\" style=\"padding-right:0;padding-left:0\">\n<p class=\"has-text-align-center has-small-font-size wp-block-paragraph\" style=\"font-style:normal;font-weight:300\"><em>Chaque lieu a une \u00e2me. Mon r\u00f4le, c\u2019est de la r\u00e9v\u00e9ler.<br>En tant qu\u2019architecte d\u2019int\u00e9rieur j\u2019interviens \u00e0 la crois\u00e9e de l\u2019esth\u00e9tique et de la technique, pour cr\u00e9er des espaces sur mesure, \u00e0 la fois fonctionnels, durables et inspirants.<br>Du relev\u00e9 de l\u2019existant, \u00e0 la r\u00e9alisation de plans, aux des choix de mat\u00e9riaux et ensuite \u00e0 la coordination de chantier. Je vous accompagne \u00e0 chaque \u00e9tape du projet.&nbsp;Mon approche allie \u00e9coute, pr\u00e9cision et cr\u00e9ativit\u00e9 pour transformer les contraintes en solutions, et les volumes en lieux de vie fluides, lumineux, coh\u00e9rents.<\/em><\/p>\n\n\n\n<p class=\"has-text-align-center has-small-font-size wp-block-paragraph\" style=\"font-style:normal;font-weight:300\"><em>Un projet r\u00e9ussi, c\u2019est un \u00e9quilibre subtil entre vos besoins, vos usages et une vision juste de l\u2019espace qui vous ressemble.<\/em><\/p>\n<\/div>\n<\/div>\n\n\n\n<div class=\"wp-block-columns is-layout-flex wp-container-core-columns-is-layout-794e3cfa wp-block-columns-is-layout-flex\">\n<div class=\"wp-block-column is-layout-flow wp-block-column-is-layout-flow\">\n<div class=\"wp-block-group is-nowrap is-layout-flex wp-container-core-group-is-layout-794e3cfa wp-block-group-is-layout-flex\">\n<div class=\"wp-block-columns is-layout-flex wp-container-core-columns-is-layout-794e3cfa wp-block-columns-is-layout-flex\">\n<div class=\"wp-block-column is-layout-flow wp-block-column-is-layout-flow\">\n<h4 class=\"wp-block-heading has-custom-vert-foncer-color has-text-color has-link-color has-pt-sans-font-family has-medium-font-size wp-elements-c6dad4848a276d33cc2af8f5a115fbe4\" style=\"font-style:normal;font-weight:400\">PHASE 1<\/h4>\n\n\n\n<div class=\"wp-block-group is-vertical is-content-justification-stretch is-layout-flex wp-container-core-group-is-layout-898606d5 wp-block-group-is-layout-flex\" style=\"min-height:0%\">\n<ul class=\"wp-block-list\">\n<li class=\"has-small-font-size\" style=\"font-style:normal;font-weight:300\">Prise de c\u00f4tes et r\u00e9alisation d&rsquo;un \u00e9tat des lieux<\/li>\n\n\n\n<li style=\"font-style:normal;font-weight:300\">Pr\u00e9sentation de plusieurs esquisses (3 maximum)<\/li>\n\n\n\n<li style=\"font-style:normal;font-weight:300\">Finalisation du dossier avec un avant projet d\u00e9finitif et 3D<\/li>\n<\/ul>\n<\/div>\n<\/div>\n<\/div>\n<\/div>\n\n\n\n<div class=\"wp-block-group is-nowrap is-layout-flex wp-container-core-group-is-layout-794e3cfa wp-block-group-is-layout-flex\">\n<div class=\"wp-block-columns is-layout-flex wp-container-core-columns-is-layout-794e3cfa wp-block-columns-is-layout-flex\">\n<div class=\"wp-block-column is-layout-flow wp-block-column-is-layout-flow\">\n<h4 class=\"wp-block-heading has-custom-vert-foncer-color has-text-color has-link-color has-pt-sans-font-family has-medium-font-size wp-elements-baf89e2b4afb796faaee1a34901e5cc9\" style=\"font-style:normal;font-weight:400\">PHASE 2<\/h4>\n\n\n\n<div class=\"wp-block-group is-vertical is-content-justification-stretch is-layout-flex wp-container-core-group-is-layout-898606d5 wp-block-group-is-layout-flex\" style=\"min-height:0%\">\n<ul style=\"font-style:normal;font-weight:300\" class=\"wp-block-list\">\n<li>R\u00e9alisation du dossier technique.<\/li>\n\n\n\n<li>Option d&rsquo;accompagnement et rendez- vous avec les fournisseurs pour le choix des mat\u00e9riaux.<\/li>\n\n\n\n<li>Option planches tendances et liste d&rsquo;achats. <\/li>\n\n\n\n<li>R\u00e9alisation d\u2019un dossier complet avec descriptif + liste des choix et 3D avec choix mat\u00e9riaux int\u00e9gr\u00e9s.<\/li>\n<\/ul>\n<\/div>\n<\/div>\n<\/div>\n<\/div>\n\n\n\n<div class=\"wp-block-group is-nowrap is-layout-flex wp-container-core-group-is-layout-794e3cfa wp-block-group-is-layout-flex\">\n<div class=\"wp-block-columns is-layout-flex wp-container-core-columns-is-layout-794e3cfa wp-block-columns-is-layout-flex\">\n<div class=\"wp-block-column is-layout-flow wp-block-column-is-layout-flow\">\n<h4 class=\"wp-block-heading has-custom-vert-foncer-color has-text-color has-link-color has-pt-sans-font-family has-medium-font-size wp-elements-989503634f71ee990227ffe4b665e8ef\" style=\"font-style:normal;font-weight:400\">PHASE 3<\/h4>\n\n\n\n<div class=\"wp-block-group is-vertical is-content-justification-stretch is-layout-flex wp-container-core-group-is-layout-898606d5 wp-block-group-is-layout-flex\" style=\"min-height:0%\">\n<ul style=\"font-style:normal;font-weight:300\" class=\"wp-block-list\">\n<li>Option r\u00e9alisation des dossiers administratifs : demande pr\u00e9alable (DP), \u00e9tablissement recevant du public (ERP), permis, &#8230;).<\/li>\n\n\n\n<li>Rendez-vous de chiffrage avec des entreprises.<\/li>\n\n\n\n<li>Analyse et pr\u00e9sentation des devis.<\/li>\n<\/ul>\n<\/div>\n<\/div>\n<\/div>\n<\/div>\n\n\n\n<div class=\"wp-block-group is-nowrap is-layout-flex wp-container-core-group-is-layout-794e3cfa wp-block-group-is-layout-flex\">\n<div class=\"wp-block-columns is-layout-flex wp-container-core-columns-is-layout-794e3cfa wp-block-columns-is-layout-flex\">\n<div class=\"wp-block-column is-layout-flow wp-block-column-is-layout-flow\">\n<h4 class=\"wp-block-heading has-custom-vert-foncer-color has-text-color has-link-color has-pt-sans-font-family has-medium-font-size wp-elements-e5eac9df55cf522a3eeec825efa07e59\" style=\"font-style:normal;font-weight:400\">PHASE 4<\/h4>\n\n\n\n<div class=\"wp-block-group is-vertical is-content-justification-stretch is-layout-flex wp-container-core-group-is-layout-898606d5 wp-block-group-is-layout-flex\" style=\"min-height:0%\">\n<ul class=\"wp-block-list\">\n<li style=\"font-style:normal;font-weight:300\">R\u00e9alisation du planning de chantier<\/li>\n\n\n\n<li style=\"font-style:normal;font-weight:300\">Suivi de chantier avec compte rendu hebdomadaire<\/li>\n\n\n\n<li style=\"font-style:normal;font-weight:300\">R\u00e9ception de chantier<\/li>\n<\/ul>\n<\/div>\n<\/div>\n<\/div>\n<\/div>\n<\/div>\n\n\n\n<div class=\"wp-block-column is-layout-flow wp-block-column-is-layout-flow\">\n<figure class=\"wp-block-image size-large has-custom-border round\"><img loading=\"lazy\" decoding=\"async\" width=\"681\" height=\"1024\" src=\"http:\/\/agencepey.fr\/wp-content\/uploads\/2025\/11\/CBerthelot-AgencePey-2509_92-681x1024.jpg\" alt=\"\" class=\"wp-image-403\" style=\"border-style:none;border-width:0px;border-top-left-radius:0px;border-top-right-radius:0px;border-bottom-left-radius:0px;border-bottom-right-radius:0px\" srcset=\"http:\/\/agencepey.fr\/wp-content\/uploads\/2025\/11\/CBerthelot-AgencePey-2509_92-681x1024.jpg 681w, http:\/\/agencepey.fr\/wp-content\/uploads\/2025\/11\/CBerthelot-AgencePey-2509_92-200x300.jpg 200w, http:\/\/agencepey.fr\/wp-content\/uploads\/2025\/11\/CBerthelot-AgencePey-2509_92-768x1154.jpg 768w, http:\/\/agencepey.fr\/wp-content\/uploads\/2025\/11\/CBerthelot-AgencePey-2509_92-1022x1536.jpg 1022w, http:\/\/agencepey.fr\/wp-content\/uploads\/2025\/11\/CBerthelot-AgencePey-2509_92.jpg 1331w\" sizes=\"auto, (max-width: 681px) 100vw, 681px\" \/><\/figure>\n<\/div>\n<\/div>\n\n\n\n<hr class=\"wp-block-separator has-text-color has-custom-marron-fonc-color has-alpha-channel-opacity has-custom-marron-fonc-background-color has-background is-style-default\"\/>\n\n\n\n<div class=\"wp-block-group is-nowrap is-layout-flex wp-container-core-group-is-layout-19c4788b wp-block-group-is-layout-flex\" style=\"padding-top:var(--wp--preset--spacing--20);padding-bottom:var(--wp--preset--spacing--20)\">\n<div class=\"wp-block-columns is-layout-flex wp-container-core-columns-is-layout-794e3cfa wp-block-columns-is-layout-flex\">\n<div class=\"wp-block-column is-layout-flow wp-block-column-is-layout-flow\">\n<h4 class=\"wp-block-heading has-text-align-center has-pt-sans-font-family has-medium-font-size\" style=\"font-style:normal;font-weight:400\">MISSION COMPLEMENTAIRE<\/h4>\n\n\n\n<p class=\"has-text-align-center has-work-sans-font-family has-small-font-size wp-block-paragraph\" style=\"font-style:normal;font-weight:300\">Un projet, une id\u00e9e, un doute ? Je vous accompagne lors d\u2019un rendez-vous &#8211; sur place ou \u00e0 distance &#8211; pour vous aider \u00e0 faire les bons choix sans forc\u00e9ment passer par une mission compl\u00e8te<\/p>\n<\/div>\n<\/div>\n<\/div>\n","protected":false},"excerpt":{"rendered":"<p>Chaque lieu a une \u00e2me. Mon r\u00f4le, c\u2019est de la r\u00e9v\u00e9ler.En tant qu\u2019architecte d\u2019int\u00e9rieur j\u2019interviens \u00e0 la crois\u00e9e de l\u2019esth\u00e9tique et de la technique, pour cr\u00e9er des espaces sur mesure, \u00e0 la fois fonctionnels, durables et inspirants.Du relev\u00e9 de l\u2019existant, \u00e0 la r\u00e9alisation de plans, aux des choix de mat\u00e9riaux et ensuite \u00e0 la coordination [&hellip;]<\/p>\n","protected":false},"author":1,"featured_media":0,"parent":0,"menu_order":0,"comment_status":"closed","ping_status":"closed","template":"","meta":{"_crdt_document":"","inline_featured_image":false,"footnotes":""},"class_list":["post-58","page","type-page","status-publish","hentry"],"_links":{"self":[{"href":"http:\/\/agencepey.fr\/index.php?rest_route=\/wp\/v2\/pages\/58","targetHints":{"allow":["GET"]}}],"collection":[{"href":"http:\/\/agencepey.fr\/index.php?rest_route=\/wp\/v2\/pages"}],"about":[{"href":"http:\/\/agencepey.fr\/index.php?rest_route=\/wp\/v2\/types\/page"}],"author":[{"embeddable":true,"href":"http:\/\/agencepey.fr\/index.php?rest_route=\/wp\/v2\/users\/1"}],"replies":[{"embeddable":true,"href":"http:\/\/agencepey.fr\/index.php?rest_route=%2Fwp%2Fv2%2Fcomments&post=58"}],"version-history":[{"count":21,"href":"http:\/\/agencepey.fr\/index.php?rest_route=\/wp\/v2\/pages\/58\/revisions"}],"predecessor-version":[{"id":502,"href":"http:\/\/agencepey.fr\/index.php?rest_route=\/wp\/v2\/pages\/58\/revisions\/502"}],"wp:attachment":[{"href":"http:\/\/agencepey.fr\/index.php?rest_route=%2Fwp%2Fv2%2Fmedia&parent=58"}],"curies":[{"name":"wp","href":"https:\/\/api.w.org\/{rel}","templated":true}]}}